{"id":206,"date":"2017-02-03T09:12:45","date_gmt":"2017-02-03T08:12:45","guid":{"rendered":"http:\/\/witmas.com.pl\/?page_id=206\/"},"modified":"2017-02-03T09:13:37","modified_gmt":"2017-02-03T08:13:37","slug":"home","status":"publish","type":"page","link":"https:\/\/witmas.com.pl\/en\/","title":{"rendered":"Home"},"content":{"rendered":"<p>Manufacturer \u00a0&#8220;WITMAS&#8221; exists since 1990. It takes a strong and significant position in the regional market of meat and dairy products. Effective sales and marketing activities resulted in cooperation with many wholesalers in Poland.<\/p>\n<p>Since the company&#8217;s product quality is put in the first place. Meats and processed meats company WITMAS are very popular. They were awarded in the first edition of the\u00a0I\u00a0Edycja Fina\u0142u Dnia Produktu Polskiego in \u0141\u00f3dzki voivodship.<\/p>\n<p>.<\/p>\n","protected":false},"excerpt":{"rendered":"<p>Manufacturer \u00a0&#8220;WITMAS&#8221; exists since 1990. It takes a strong and significant position in the regional market of meat and dairy products. Effective sales and marketing activities resulted in cooperation with many wholesalers in Poland. Since the company&#8217;s product quality is put in the first place. Meats and processed meats company WITMAS are very popular. They [&hellip;]<\/p>\n","protected":false},"author":3,"featured_media":0,"parent":0,"menu_order":0,"comment_status":"closed","ping_status":"closed","template":"page-home.php","meta":{"_monsterinsights_skip_tracking":false,"_monsterinsights_sitenote_active":false,"_monsterinsights_sitenote_note":"","_monsterinsights_sitenote_category":0,"footnotes":""},"class_list":["post-206","page","type-page","status-publish","hentry"],"_links":{"self":[{"href":"https:\/\/witmas.com.pl\/en\/wp-json\/wp\/v2\/pages\/206"}],"collection":[{"href":"https:\/\/witmas.com.pl\/en\/wp-json\/wp\/v2\/pages"}],"about":[{"href":"https:\/\/witmas.com.pl\/en\/wp-json\/wp\/v2\/types\/page"}],"author":[{"embeddable":true,"href":"https:\/\/witmas.com.pl\/en\/wp-json\/wp\/v2\/users\/3"}],"replies":[{"embeddable":true,"href":"https:\/\/witmas.com.pl\/en\/wp-json\/wp\/v2\/comments?post=206"}],"version-history":[{"count":1,"href":"https:\/\/witmas.com.pl\/en\/wp-json\/wp\/v2\/pages\/206\/revisions"}],"predecessor-version":[{"id":207,"href":"https:\/\/witmas.com.pl\/en\/wp-json\/wp\/v2\/pages\/206\/revisions\/207"}],"wp:attachment":[{"href":"https:\/\/witmas.com.pl\/en\/wp-json\/wp\/v2\/media?parent=206"}],"curies":[{"name":"wp","href":"https:\/\/api.w.org\/{rel}","templated":true}]}}