{"id":203,"date":"2017-02-03T09:09:02","date_gmt":"2017-02-03T08:09:02","guid":{"rendered":"http:\/\/witmas.com.pl\/?page_id=203\/"},"modified":"2023-07-02T20:36:07","modified_gmt":"2023-07-02T18:36:07","slug":"shops","status":"publish","type":"page","link":"https:\/\/witmas.com.pl\/en\/shops\/","title":{"rendered":"Stores"},"content":{"rendered":"<p>Please visit our stores:\n<\/p>\n<ul>\n<li>D\u0105br\u00f3wka Wielka, ul. D\u0105browska 36\n<li>\n<li>Zgierz, ul. D\u0142uga 6<\/li>\n<li>Zgierz, ul. D\u0142uga 64<\/li>\n<li>Zgierz, ul. D\u0142uga 106<\/li>\n<li>Zgierz, ul. Rembieli\u0144skiego 2<\/li>\n<li>Zgierz, ul. Boya \u2013 \u017bele\u0144skiego 23 b<\/li>\n<li>Zgierz, ul Przemys\u0142owa 2<\/li>\n<li>Zgierz, ul. Witkacego 3<\/li>\n<li>Zgierz, ul. Dubois 27 a<\/li>\n<li>Zgierz, ul. Ga\u0142czy\u0144skiego 40<\/li>\n<li>Zgierz, ul. 1-go Maja 24<\/li>\n<li>Pi\u0105tek, ul. Rynek 5<\/li>\n<li>\u0141\u00f3d\u017a, ul. Napierskiego 1<\/li>\n<li>Kutno, ul. Kr\u00f3lewska 49\/51<\/li>\n\n<p><\/p>\n","protected":false},"excerpt":{"rendered":"<p>Please visit our stores: D\u0105br\u00f3wka Wielka, ul. D\u0105browska 36 Zgierz, ul. D\u0142uga 6 Zgierz, ul. D\u0142uga 64 Zgierz, ul. D\u0142uga 106 Zgierz, ul. Rembieli\u0144skiego 2 Zgierz, ul. Boya \u2013 \u017bele\u0144skiego 23 b Zgierz, ul Przemys\u0142owa 2 Zgierz, ul. Witkacego 3 Zgierz, ul. Dubois 27 a Zgierz, ul. Ga\u0142czy\u0144skiego 40 Zgierz, ul. 1-go Maja 24 Pi\u0105tek, [&hellip;]<\/p>\n","protected":false},"author":3,"featured_media":0,"parent":0,"menu_order":0,"comment_status":"closed","ping_status":"closed","template":"","meta":{"_monsterinsights_skip_tracking":false,"_monsterinsights_sitenote_active":false,"_monsterinsights_sitenote_note":"","_monsterinsights_sitenote_category":0,"footnotes":""},"class_list":["post-203","page","type-page","status-publish","hentry"],"_links":{"self":[{"href":"https:\/\/witmas.com.pl\/en\/wp-json\/wp\/v2\/pages\/203"}],"collection":[{"href":"https:\/\/witmas.com.pl\/en\/wp-json\/wp\/v2\/pages"}],"about":[{"href":"https:\/\/witmas.com.pl\/en\/wp-json\/wp\/v2\/types\/page"}],"author":[{"embeddable":true,"href":"https:\/\/witmas.com.pl\/en\/wp-json\/wp\/v2\/users\/3"}],"replies":[{"embeddable":true,"href":"https:\/\/witmas.com.pl\/en\/wp-json\/wp\/v2\/comments?post=203"}],"version-history":[{"count":6,"href":"https:\/\/witmas.com.pl\/en\/wp-json\/wp\/v2\/pages\/203\/revisions"}],"predecessor-version":[{"id":456,"href":"https:\/\/witmas.com.pl\/en\/wp-json\/wp\/v2\/pages\/203\/revisions\/456"}],"wp:attachment":[{"href":"https:\/\/witmas.com.pl\/en\/wp-json\/wp\/v2\/media?parent=203"}],"curies":[{"name":"wp","href":"https:\/\/api.w.org\/{rel}","templated":true}]}}